{"id":1104,"date":"2026-03-03T19:39:08","date_gmt":"2026-03-03T19:39:08","guid":{"rendered":"https:\/\/wip.mrfoxglobal.com\/?page_id=1104"},"modified":"2026-03-03T19:55:48","modified_gmt":"2026-03-03T19:55:48","slug":"politica-deprivacidad","status":"publish","type":"page","link":"https:\/\/wip.mrfoxglobal.com\/?page_id=1104","title":{"rendered":"Pol\u00edtica deprivacidad"},"content":{"rendered":"\t\t<div data-elementor-type=\"wp-page\" data-elementor-id=\"1104\" class=\"elementor elementor-1104\" data-elementor-post-type=\"page\">\n\t\t\t\t<div class=\"elementor-element elementor-element-0eed807 e-con-full e-flex e-con e-parent\" data-id=\"0eed807\" data-element_type=\"container\" data-e-type=\"container\" data-settings=\"{&quot;background_background&quot;:&quot;classic&quot;}\">\n\t\t\t\t<div class=\"elementor-element elementor-element-57e6b98 elementor-widget elementor-widget-spacer\" data-id=\"57e6b98\" data-element_type=\"widget\" data-e-type=\"widget\" data-widget_type=\"spacer.default\">\n\t\t\t\t\t\t\t<div class=\"elementor-spacer\">\n\t\t\t<div class=\"elementor-spacer-inner\"><\/div>\n\t\t<\/div>\n\t\t\t\t\t\t<\/div>\n\t\t\t\t<div class=\"elementor-element elementor-element-13e16bf elementor-widget elementor-widget-heading\" data-id=\"13e16bf\" data-element_type=\"widget\" data-e-type=\"widget\" data-widget_type=\"heading.default\">\n\t\t\t\t\t<h1 class=\"elementor-heading-title elementor-size-default\">AVISO DE LA POL\u00cdTICA DE PRIVACIDAD<\/h1>\t\t\t\t<\/div>\n\t\t\t\t<div class=\"elementor-element elementor-element-9480f5a elementor-widget__width-initial elementor-widget elementor-widget-heading\" data-id=\"9480f5a\" data-element_type=\"widget\" data-e-type=\"widget\" data-widget_type=\"heading.default\">\n\t\t\t\t\t<h1 class=\"elementor-heading-title elementor-size-default\">Y PROTECCI\u00d3N DE DATOS PERSONALES<\/h1>\t\t\t\t<\/div>\n\t\t\t\t<div class=\"elementor-element elementor-element-9872884 elementor-widget elementor-widget-spacer\" data-id=\"9872884\" data-element_type=\"widget\" data-e-type=\"widget\" data-widget_type=\"spacer.default\">\n\t\t\t\t\t\t\t<div class=\"elementor-spacer\">\n\t\t\t<div class=\"elementor-spacer-inner\"><\/div>\n\t\t<\/div>\n\t\t\t\t\t\t<\/div>\n\t\t\t\t<\/div>\n\t\t<div class=\"elementor-element elementor-element-1a2b256 e-flex e-con-boxed e-con e-parent\" data-id=\"1a2b256\" data-element_type=\"container\" data-e-type=\"container\">\n\t\t\t\t\t<div class=\"e-con-inner\">\n\t\t\t\t<div class=\"elementor-element elementor-element-f8bd644 elementor-widget elementor-widget-text-editor\" data-id=\"f8bd644\" data-element_type=\"widget\" data-e-type=\"widget\" data-widget_type=\"text-editor.default\">\n\t\t\t\t\t\t\t\t\t<p data-start=\"69\" data-end=\"748\">BANRED S.A. en su calidad de Responsable del Tratamiento, con el prop\u00f3sito de que el usuario est\u00e9 al tanto, mediante notificaci\u00f3n, cuando el servicio WIP est\u00e9 disponible en su instituci\u00f3n financiera, a fin de poder afiliarse al servicio, tratar\u00e1 sus datos de car\u00e1cter personal implementando todas las medidas de seguridad necesarias para garantizar su protecci\u00f3n y garantizando el derecho establecido por el art\u00edculo 66, numerales 19 y 20; y art\u00edculo 92 de la Constituci\u00f3n de la Rep\u00fablica del Ecuador y la Ley Org\u00e1nica de Protecci\u00f3n de Datos Personales del Ecuador, para lo cual el usuario da su consentimiento expreso, voluntario e inequ\u00edvoco exclusivamente para esta finalidad.<\/p><p data-start=\"750\" data-end=\"1000\">Le informamos que usted tiene derecho a retirar su consentimiento en cualquier momento y a ejercer sus derechos como usuario, enviando un correo electr\u00f3nico a la siguiente direcci\u00f3n junto con una copia de su documento de identidad: <a class=\"decorated-link cursor-pointer\" rel=\"noopener\" data-start=\"982\" data-end=\"999\">dpb@banred.fin.ec<\/a>.<\/p><p data-start=\"1002\" data-end=\"1482\">Los datos personales tratados en virtud de la presente autorizaci\u00f3n ser\u00e1n conservados durante el tiempo estrictamente necesario para que el usuario tenga conocimiento de la disponibilidad del servicio WIP en su instituci\u00f3n financiera conforme lo antes se\u00f1alado y ser\u00e1n empleados por BANRED S.A. en los siguientes tratamientos: reporte, verificaci\u00f3n, estad\u00edstica, env\u00edo de informaci\u00f3n de acciones relacionadas a la comunicaci\u00f3n de la disponibilidad del servicio WIP antes indicada.<\/p><p data-start=\"1484\" data-end=\"1832\" data-is-last-node=\"\" data-is-only-node=\"\">Para el ejercicio de los derechos reconocidos en la Ley Org\u00e1nica de Protecci\u00f3n de Datos Personales, el interesado podr\u00e1 ponerse en contacto mediante comunicaci\u00f3n escrita dirigida a BANRED S.A., a la direcci\u00f3n de correo electr\u00f3nico indicada en el apartado primero sobre responsables de tratamiento, adjuntando documento acreditativo de su identidad.<\/p>\t\t\t\t\t\t\t\t<\/div>\n\t\t\t\t\t<\/div>\n\t\t\t\t<\/div>\n\t\t\t\t<\/div>\n\t\t","protected":false},"excerpt":{"rendered":"<p>AVISO DE LA POL\u00cdTICA DE PRIVACIDAD Y PROTECCI\u00d3N DE DATOS PERSONALES BANRED S.A. en su calidad de Responsable del Tratamiento, con el prop\u00f3sito de que el usuario est\u00e9 al tanto, mediante notificaci\u00f3n, cuando el servicio WIP est\u00e9 disponible en su instituci\u00f3n financiera, a fin de poder afiliarse al servicio, tratar\u00e1 sus datos de car\u00e1cter personal [&hellip;]<\/p>\n","protected":false},"author":1,"featured_media":0,"parent":0,"menu_order":0,"comment_status":"closed","ping_status":"closed","template":"elementor_header_footer","meta":{"footnotes":""},"class_list":["post-1104","page","type-page","status-publish","hentry"],"_hostinger_reach_plugin_has_subscription_block":false,"_hostinger_reach_plugin_is_elementor":false,"_links":{"self":[{"href":"https:\/\/wip.mrfoxglobal.com\/index.php?rest_route=\/wp\/v2\/pages\/1104","targetHints":{"allow":["GET"]}}],"collection":[{"href":"https:\/\/wip.mrfoxglobal.com\/index.php?rest_route=\/wp\/v2\/pages"}],"about":[{"href":"https:\/\/wip.mrfoxglobal.com\/index.php?rest_route=\/wp\/v2\/types\/page"}],"author":[{"embeddable":true,"href":"https:\/\/wip.mrfoxglobal.com\/index.php?rest_route=\/wp\/v2\/users\/1"}],"replies":[{"embeddable":true,"href":"https:\/\/wip.mrfoxglobal.com\/index.php?rest_route=%2Fwp%2Fv2%2Fcomments&post=1104"}],"version-history":[{"count":19,"href":"https:\/\/wip.mrfoxglobal.com\/index.php?rest_route=\/wp\/v2\/pages\/1104\/revisions"}],"predecessor-version":[{"id":1135,"href":"https:\/\/wip.mrfoxglobal.com\/index.php?rest_route=\/wp\/v2\/pages\/1104\/revisions\/1135"}],"wp:attachment":[{"href":"https:\/\/wip.mrfoxglobal.com\/index.php?rest_route=%2Fwp%2Fv2%2Fmedia&parent=1104"}],"curies":[{"name":"wp","href":"https:\/\/api.w.org\/{rel}","templated":true}]}}