{"id":431,"date":"2026-02-20T14:35:44","date_gmt":"2026-02-20T14:35:44","guid":{"rendered":"https:\/\/wip.mrfoxglobal.com\/?page_id=431"},"modified":"2026-03-04T16:28:37","modified_gmt":"2026-03-04T16:28:37","slug":"comercio","status":"publish","type":"page","link":"https:\/\/wip.mrfoxglobal.com\/?page_id=431","title":{"rendered":"COMERCIO"},"content":{"rendered":"\t\t<div data-elementor-type=\"wp-page\" data-elementor-id=\"431\" class=\"elementor elementor-431\" data-elementor-post-type=\"page\">\n\t\t\t\t<div class=\"elementor-element elementor-element-11033d4 e-con-full e-flex e-con e-parent\" data-id=\"11033d4\" data-element_type=\"container\" data-e-type=\"container\" data-settings=\"{&quot;background_background&quot;:&quot;classic&quot;}\">\n\t\t\t\t<div class=\"elementor-element elementor-element-8e64f24 elementor-widget elementor-widget-spacer\" data-id=\"8e64f24\" data-element_type=\"widget\" data-e-type=\"widget\" data-widget_type=\"spacer.default\">\n\t\t\t\t\t\t\t<div class=\"elementor-spacer\">\n\t\t\t<div class=\"elementor-spacer-inner\"><\/div>\n\t\t<\/div>\n\t\t\t\t\t\t<\/div>\n\t\t\t\t<div class=\"elementor-element elementor-element-9f187fc elementor-widget elementor-widget-heading\" data-id=\"9f187fc\" data-element_type=\"widget\" data-e-type=\"widget\" data-widget_type=\"heading.default\">\n\t\t\t\t\t<h1 class=\"elementor-heading-title elementor-size-default\">Una transferencia<\/h1>\t\t\t\t<\/div>\n\t\t\t\t<div class=\"elementor-element elementor-element-44283a6 elementor-widget elementor-widget-heading\" data-id=\"44283a6\" data-element_type=\"widget\" data-e-type=\"widget\" data-widget_type=\"heading.default\">\n\t\t\t\t\t<h1 class=\"elementor-heading-title elementor-size-default\">mil formas de estar<\/h1>\t\t\t\t<\/div>\n\t\t\t\t<div class=\"elementor-element elementor-element-9112643 elementor-widget elementor-widget-heading\" data-id=\"9112643\" data-element_type=\"widget\" data-e-type=\"widget\" data-widget_type=\"heading.default\">\n\t\t\t\t\t<h1 class=\"elementor-heading-title elementor-size-default\">Transfiere dinero s\u00f3lo con un n\u00famero celular.<\/h1>\t\t\t\t<\/div>\n\t\t\t\t<div class=\"elementor-element elementor-element-dba33ef elementor-widget elementor-widget-button\" data-id=\"dba33ef\" data-element_type=\"widget\" data-e-type=\"widget\" data-widget_type=\"button.default\">\n\t\t\t\t\t\t\t\t\t\t<a class=\"elementor-button elementor-button-link elementor-size-sm\" href=\"https:\/\/wip.mrfoxglobal.com\/?page_id=179\">\n\t\t\t\t\t\t<span class=\"elementor-button-content-wrapper\">\n\t\t\t\t\t\t\t\t\t<span class=\"elementor-button-text\">Preguntas Frecuentes<\/span>\n\t\t\t\t\t<\/span>\n\t\t\t\t\t<\/a>\n\t\t\t\t\t\t\t\t<\/div>\n\t\t\t\t<div class=\"elementor-element elementor-element-da3c651 elementor-widget elementor-widget-spacer\" data-id=\"da3c651\" data-element_type=\"widget\" data-e-type=\"widget\" data-widget_type=\"spacer.default\">\n\t\t\t\t\t\t\t<div class=\"elementor-spacer\">\n\t\t\t<div class=\"elementor-spacer-inner\"><\/div>\n\t\t<\/div>\n\t\t\t\t\t\t<\/div>\n\t\t\t\t<\/div>\n\t\t<div class=\"elementor-element elementor-element-723cc4f e-flex e-con-boxed e-con e-parent\" data-id=\"723cc4f\" data-element_type=\"container\" data-e-type=\"container\">\n\t\t\t\t\t<div class=\"e-con-inner\">\n\t\t<div class=\"elementor-element elementor-element-2ce8440 e-con-full e-flex e-con e-child\" data-id=\"2ce8440\" data-element_type=\"container\" data-e-type=\"container\">\n\t\t<div class=\"elementor-element elementor-element-b8e5f68 e-con-full e-flex e-con e-child\" data-id=\"b8e5f68\" data-element_type=\"container\" data-e-type=\"container\">\n\t\t\t\t<div class=\"elementor-element elementor-element-a0378f2 elementor-widget elementor-widget-text-editor\" data-id=\"a0378f2\" data-element_type=\"widget\" data-e-type=\"widget\" data-widget_type=\"text-editor.default\">\n\t\t\t\t\t\t\t\t\t<p>Wip Comercio es una soluci\u00f3n que te permite cobrar de forma r\u00e1pida, moderna y segura, utilizando \u00fanicamente tu n\u00famero celular o un c\u00f3digo QR interbancario, sin necesidad de equipos adicionales, recibe tus pagos en tiempo real y ofrece una experiencia \u00e1gil a tus clientes.<\/p><p>Adem\u00e1s, tu negocio cuenta con el respaldo y soporte directo de tu entidad financiera, garantizando confianza en cada transacci\u00f3n.<\/p>\t\t\t\t\t\t\t\t<\/div>\n\t\t\t\t<\/div>\n\t\t\t\t<\/div>\n\t\t\t\t\t<\/div>\n\t\t\t\t<\/div>\n\t\t<div class=\"elementor-element elementor-element-ae941d7 e-con-full e-flex e-con e-parent\" data-id=\"ae941d7\" data-element_type=\"container\" data-e-type=\"container\">\n\t\t\t\t<div class=\"elementor-element elementor-element-4da24f1 elementor-widget elementor-widget-heading\" data-id=\"4da24f1\" data-element_type=\"widget\" data-e-type=\"widget\" data-widget_type=\"heading.default\">\n\t\t\t\t\t<h2 class=\"elementor-heading-title elementor-size-default\">Beneficios<\/h2>\t\t\t\t<\/div>\n\t\t\t\t<div class=\"elementor-element elementor-element-1c259a7 elementor-widget elementor-widget-html\" data-id=\"1c259a7\" data-element_type=\"widget\" data-e-type=\"widget\" data-widget_type=\"html.default\">\n\t\t\t\t\t<link href=\"https:\/\/fonts.googleapis.com\/css2?family=Poppins:wght@300;400;500;600;700&display=swap\" rel=\"stylesheet\">\r\n\r\n<style>\r\n\/* ========================= *\/\r\n\/* CONTENEDOR *\/\r\n\/* ========================= *\/\r\n.payphone-section {\r\n  \/* Aplicar Poppins a toda la secci\u00f3n *\/\r\n  font-family: 'Poppins', sans-serif;\r\n  display: grid;\r\n  grid-template-columns: 1.1fr 1fr;\r\n  gap: 40px;\r\n  max-width: 1200px;\r\n  margin: auto;\r\n  padding: 60px 20px;\r\n  align-items: stretch;\r\n}\r\n\r\n\/* \u2705 FIX OVERLAP EN GRID *\/\r\n.payphone-section > * { \r\n  min-width: 0; \r\n}\r\n\r\n\/* ========================= *\/\r\n\/* SLIDER IZQUIERDA *\/\r\n\/* ========================= *\/\r\n.left-slider {\r\n  position: relative;\r\n  overflow: hidden;\r\n  border-radius: 40px;\r\n  aspect-ratio: 4 \/ 5;\r\n  box-shadow: 0 10px 30px rgba(0,0,0,0.05); \/* Un toque extra de profundidad *\/\r\n}\r\n\r\n.slider-track {\r\n  display: flex;\r\n  transition: transform 0.5s ease;\r\n  height: 100%;\r\n}\r\n\r\n.slide {\r\n  min-width: 100%;\r\n  height: 100%;\r\n}\r\n\r\n.slide img {\r\n  width: 100%;\r\n  height: 100%;\r\n  object-fit: cover;\r\n  display: block;\r\n}\r\n\r\n\/* ========================= *\/\r\n\/* GRID DERECHA *\/\r\n\/* ========================= *\/\r\n.right-grid {\r\n  display: grid;\r\n  grid-template-columns: 1fr 1fr;\r\n  gap: 25px;\r\n  position: relative;\r\n  z-index: 2;\r\n  min-width: 0;\r\n}\r\n\r\n\/* ========================= *\/\r\n\/* CARD *\/\r\n\/* ========================= *\/\r\n.card {\r\n  background: #f1f1f1;\r\n  padding: 30px 25px; \/* Ligeramente reducido para que respire mejor en responsivo *\/\r\n  border-radius: 25px;\r\n  border: 2px solid transparent;\r\n  transition: all 0.35s ease;\r\n  cursor: pointer;\r\n}\r\n\r\n.card-icon {\r\n  width: 52px;\r\n  height: 52px;\r\n  border-radius: 50%;\r\n  background: #e6e6e6;\r\n  display: flex;\r\n  align-items: center;\r\n  justify-content: center;\r\n  margin-bottom: 20px;\r\n  transition: all 0.35s ease;\r\n}\r\n\r\n.card-icon img {\r\n  width: 22px;\r\n  height: 22px;\r\n  object-fit: contain;\r\n  transition: all 0.35s ease;\r\n  filter: brightness(0) saturate(100%) invert(60%) sepia(55%) saturate(400%) hue-rotate(320deg);\r\n}\r\n\r\n.card h3 {\r\n  font-size: 20px;\r\n  font-weight: 600;\r\n  margin-bottom: 12px;\r\n  transition: 0.35s ease;\r\n  color: #333;\r\n}\r\n\r\n.card p {\r\n  font-size: 14px;\r\n  color: #707070;\r\n  line-height: 1.6;\r\n  font-weight: 400;\r\n  margin: 0;\r\n}\r\n\r\n\/* ========================= *\/\r\n\/* ESTADO ACTIVO *\/\r\n\/* ========================= *\/\r\n.card.active {\r\n  background: #fff;\r\n  border: 2px solid #FA8B7A;\r\n  box-shadow: 0 8px 20px rgba(250, 139, 122, 0.15); \/* Sombra suave para destacar *\/\r\n}\r\n\r\n.card.active h3 { \r\n  color: #FA8B7A; \r\n}\r\n\r\n.card.active .card-icon { \r\n  background: #FA8B7A; \r\n}\r\n\r\n.card.active .card-icon img {\r\n  filter: brightness(0) invert(1);\r\n}\r\n\r\n\/* ========================= *\/\r\n\/* RESPONSIVE *\/\r\n\/* ========================= *\/\r\n\r\n\/* TABLETS (1024px) *\/\r\n@media(max-width: 1024px) {\r\n  .payphone-section { \r\n    grid-template-columns: 1fr; \r\n    gap: 30px;\r\n    padding: 40px 20px;\r\n  }\r\n  \r\n  .left-slider {\r\n    \/* Hacemos que la imagen sea m\u00e1s cuadrada para no ocupar tanta altura *\/\r\n    aspect-ratio: 16 \/ 10;\r\n    max-width: 800px;\r\n    margin: 0 auto;\r\n    width: 100%;\r\n  }\r\n\r\n  .right-grid { \r\n    grid-template-columns: 1fr 1fr; \r\n  }\r\n}\r\n\r\n\/* M\u00d3VILES (768px) *\/\r\n@media(max-width: 768px) {\r\n  .left-slider {\r\n    aspect-ratio: 1 \/ 1; \/* Cuadrado perfecto en celulares *\/\r\n    border-radius: 25px; \/* Bordes un poco m\u00e1s suaves en pantallas peque\u00f1as *\/\r\n  }\r\n\r\n  .right-grid { \r\n    grid-template-columns: 1fr; \r\n    gap: 15px;\r\n  }\r\n\r\n  .card {\r\n    padding: 25px 20px;\r\n  }\r\n}\r\n<\/style>\r\n\r\n<div class=\"payphone-section\">\r\n  <div class=\"left-slider\">\r\n    <div class=\"slider-track\" id=\"sliderTrack\">\r\n      <div class=\"slide\">\r\n        <img decoding=\"async\" src=\"https:\/\/wip.mrfoxglobal.com\/wp-content\/uploads\/2026\/03\/Despdete-del-cambio-1.avif\" alt=\"\">\r\n      <\/div>\r\n      <div class=\"slide\">\r\n        <img decoding=\"async\" src=\"https:\/\/wip.mrfoxglobal.com\/wp-content\/uploads\/2026\/02\/Notificaciones-en-tiempo-real.avif\" alt=\"\">\r\n      <\/div>\r\n      <div class=\"slide\">\r\n        <img decoding=\"async\" src=\"https:\/\/wip.mrfoxglobal.com\/wp-content\/uploads\/2026\/02\/Recibe-pagos-de-bancos-o-cooperativas.avif\" alt=\"\">\r\n      <\/div>\r\n      <div class=\"slide\">\r\n        <img decoding=\"async\" src=\"https:\/\/wip.mrfoxglobal.com\/wp-content\/uploads\/2026\/02\/respaldo-de-tu-entidad-financiera-1.avif\" alt=\"\">\r\n      <\/div>\r\n    <\/div>\r\n  <\/div>\r\n\r\n  <div class=\"right-grid\">\r\n    <div class=\"card active\" data-slide=\"0\">\r\n      <div class=\"card-icon\">\r\n        <img decoding=\"async\" src=\"https:\/\/wip.mrfoxglobal.com\/wp-content\/uploads\/2026\/03\/Despidete-del-cambio.svg\" alt=\"\">\r\n      <\/div>\r\n      <h3>Desp\u00eddete del cambio<\/h3>\r\n      <p>Cobra de forma m\u00e1s sencilla sin preocuparte por tener efectivo o sueltos.<\/p>\r\n    <\/div>\r\n\r\n    <div class=\"card\" data-slide=\"1\">\r\n      <div class=\"card-icon\">\r\n        <img decoding=\"async\" src=\"https:\/\/wip.mrfoxglobal.com\/wp-content\/uploads\/2026\/03\/Notificacion.svg\" alt=\"\">\r\n      <\/div>\r\n      <h3>Notificaciones en tiempo real<\/h3>\r\n      <p>Obt\u00e9n respuestas inmediatas en cada transacci\u00f3n para mantener tu gesti\u00f3n m\u00e1s \u00e1gil y organizada.<\/p>\r\n    <\/div>\r\n\r\n    <div class=\"card\" data-slide=\"2\">\r\n      <div class=\"card-icon\">\r\n        <img decoding=\"async\" src=\"https:\/\/wip.mrfoxglobal.com\/wp-content\/uploads\/2026\/03\/Recibe-pagos.svg\" alt=\"\">\r\n      <\/div>\r\n      <h3>Recibe pagos de bancos o cooperativas<\/h3>\r\n      <p>Recibe pagos de forma r\u00e1pida y segura desde bancos o cooperativas, facilitando tus cobros sin complicaciones.<\/p>\r\n    <\/div>\r\n\r\n    <div class=\"card\" data-slide=\"3\">\r\n      <div class=\"card-icon\">\r\n        <img decoding=\"async\" src=\"https:\/\/wip.mrfoxglobal.com\/wp-content\/uploads\/2026\/03\/Respaldo.svg\" alt=\"\">\r\n      <\/div>\r\n      <h3>Respaldo de tu entidad financiera<\/h3>\r\n      <p>Opera con la tranquilidad de contar con el soporte y la seguridad de tu instituci\u00f3n financiera.<\/p>\r\n    <\/div>\r\n  <\/div>\r\n<\/div>\r\n\r\n<script>\r\ndocument.addEventListener(\"DOMContentLoaded\", function(){\r\n  const track = document.getElementById(\"sliderTrack\");\r\n  const cards = document.querySelectorAll(\".card\");\r\n\r\n  cards.forEach(card => {\r\n    \/\/ \u2705 FIX: A\u00f1adimos 'click' para que funcione perfecto en dispositivos m\u00f3viles\r\n    ['mouseenter', 'click'].forEach(evt => {\r\n      card.addEventListener(evt, function(){\r\n        const index = Number(this.getAttribute(\"data-slide\")) || 0;\r\n\r\n        track.style.transform = `translateX(-${index * 100}%)`;\r\n\r\n        cards.forEach(c => c.classList.remove(\"active\"));\r\n        this.classList.add(\"active\");\r\n      });\r\n    });\r\n  });\r\n});\r\n<\/script>\t\t\t\t<\/div>\n\t\t\t\t<\/div>\n\t\t\t\t<\/div>\n\t\t","protected":false},"excerpt":{"rendered":"<p>Una transferencia mil formas de estar Transfiere dinero s\u00f3lo con un n\u00famero celular. Preguntas Frecuentes Wip Comercio es una soluci\u00f3n que te permite cobrar de forma r\u00e1pida, moderna y segura, utilizando \u00fanicamente tu n\u00famero celular o un c\u00f3digo QR interbancario, sin necesidad de equipos adicionales, recibe tus pagos en tiempo real y ofrece una experiencia [&hellip;]<\/p>\n","protected":false},"author":1,"featured_media":0,"parent":0,"menu_order":0,"comment_status":"closed","ping_status":"closed","template":"elementor_header_footer","meta":{"footnotes":""},"class_list":["post-431","page","type-page","status-publish","hentry"],"_hostinger_reach_plugin_has_subscription_block":false,"_hostinger_reach_plugin_is_elementor":false,"_links":{"self":[{"href":"https:\/\/wip.mrfoxglobal.com\/index.php?rest_route=\/wp\/v2\/pages\/431","targetHints":{"allow":["GET"]}}],"collection":[{"href":"https:\/\/wip.mrfoxglobal.com\/index.php?rest_route=\/wp\/v2\/pages"}],"about":[{"href":"https:\/\/wip.mrfoxglobal.com\/index.php?rest_route=\/wp\/v2\/types\/page"}],"author":[{"embeddable":true,"href":"https:\/\/wip.mrfoxglobal.com\/index.php?rest_route=\/wp\/v2\/users\/1"}],"replies":[{"embeddable":true,"href":"https:\/\/wip.mrfoxglobal.com\/index.php?rest_route=%2Fwp%2Fv2%2Fcomments&post=431"}],"version-history":[{"count":154,"href":"https:\/\/wip.mrfoxglobal.com\/index.php?rest_route=\/wp\/v2\/pages\/431\/revisions"}],"predecessor-version":[{"id":1307,"href":"https:\/\/wip.mrfoxglobal.com\/index.php?rest_route=\/wp\/v2\/pages\/431\/revisions\/1307"}],"wp:attachment":[{"href":"https:\/\/wip.mrfoxglobal.com\/index.php?rest_route=%2Fwp%2Fv2%2Fmedia&parent=431"}],"curies":[{"name":"wp","href":"https:\/\/api.w.org\/{rel}","templated":true}]}}